{"id":2167,"date":"2015-03-12T14:52:34","date_gmt":"2015-03-12T13:52:34","guid":{"rendered":"http:\/\/demo-content.kaliumtheme.com\/freelancer\/?page_id=2167"},"modified":"2025-09-13T07:57:23","modified_gmt":"2025-09-13T06:57:23","slug":"about-me","status":"publish","type":"page","link":"https:\/\/www.studiohamers.nl\/?page_id=2167","title":{"rendered":"Over Frederiek"},"content":{"rendered":"<p>[vc_row][vc_column width=&#8221;7\/12&#8243; reveal_effect=&#8221;fadeInLab&#8221; reveal_duration=&#8221;1.5&#8243; reveal_delay=&#8221;0.5&#8243;][lab_scroll_box scroll_height=&#8221;1200&#8243; css=&#8221;.vc_custom_1757746637674{padding-top: 30px !important;padding-right: 15px !important;padding-bottom: 45px !important;padding-left: 45px !important;background-color: #eeeeee !important;}&#8221;]<\/p>\n<h3>Frederiek Hamers\u00a0\u00a0 <small>Ontwerper<\/small><\/h3>\n<p>&nbsp;<\/p>\n<p>Frederiek is in 2000 afgestudeerd aan de Design Academy in Eindhoven.<br \/>\nSindsdien werkt ze na wat ervaring bij ontwerpburo&#8217;s, als zelfstandig ontwerper voor klanten in verschillende landen. 9 Jaar daarvan in en vanuit Nieuw Zeeland en Portugal.<\/p>\n<p>Door haar brede interesse op het gebied van vormgeving, werkt ze in verschillende disciplines: van grafisch- en interieurontwerp tot verlichtingsontwerp. Altijd is haar handtekening te herkennen: doeltreffend, toegankelijk en kleurrijk.<\/p>\n<p>Frederiek heeft oog voor detail en gevoel voor sfeer.<em> &#8221;Ik vind het belangrijk dat een opdracht prettig verloopt.<\/em> <em>Een goed contact met de klant zie je terug in het resultaat.&#8221;<\/em><\/p>\n<p>&nbsp;<\/p>\n<p>&nbsp;<\/p>\n<p>Bekijk werk: <strong><a href=\"https:\/\/www.studiohamers.nl\/#websites\">Websites<\/a>\u00a0 &#8211; <a href=\"https:\/\/www.studiohamers.nl\/?page_id=4822\">Websisters<\/a> &#8211;\u00a0 <a href=\"http:\/\/www.studiohamers.nl\/#cat:verlichting\">Verlichting<\/a> &#8211; <a href=\"http:\/\/www.studiohamers.nl\/#cat:interieur\">Interieur<\/a> &#8211; <a href=\"http:\/\/www.studiohamers.nl\/#cat:grafisch-2\">Grafisch<\/a><\/strong>[\/lab_scroll_box][\/vc_column][vc_column width=&#8221;5\/12&#8243; reveal_effect=&#8221;fadeIn&#8221; reveal_duration=&#8221;1.5&#8243; reveal_delay=&#8221;0.4&#8243;][vc_single_image image=&#8221;4153&#8243; img_size=&#8221;large&#8221; css_animation=&#8221;left-to-right&#8221; img_link_large=&#8221;yes&#8221;][\/vc_column][\/vc_row][vc_row css=&#8221;.vc_custom_1599762421350{margin-top: 50px !important;}&#8221;][vc_column width=&#8221;1\/3&#8243;][vc_column_text css=&#8221;.vc_custom_1599762496530{margin-right: 30px !important;margin-bottom: 30px !important;}&#8221;]<\/p>\n<h3>Opdrachtgevers over Frederiek\u00a0 \u00a0<small>Recensies<\/small><\/h3>\n<p>[\/vc_column_text][vc_column_text css=&#8221;.vc_custom_1599762573871{margin-top: 30px !important;padding-top: 20px !important;}&#8221;]&#8221;De samenwerking met Frederiek was heel prettig, het hele proces ging heel soepel. Er was veel ruimte voor afstemming en overleg. Ze voelt goed aan wat bij mij past, qua kleuren, stijl, foto&#8217;s. Frederiek gaf me veel praktische tips om de vindbaarheid te vergroten. De site is m\u00e9\u00e9r dan ik had kunnen hopen, zo prachtig en v\u00f3\u00f3ral past de site qua uitstraling bij mij.&#8221;<br \/>\n<em>Carin Seurters &#8211; Touch &amp; Flow<\/em>[\/vc_column_text][\/vc_column][vc_column width=&#8221;1\/3&#8243;][vc_column_text]&#8221;Frederiek heeft een bijzondere gave om professionaliteit, creativiteit en het vermogen om zich in haar cli\u00ebnten in te voelen te combineren. Tijdens het ontstaan van mijn website, folder en algehele huisstijl heeft ze niet alleen meegedacht over inhoud en vormgeving maar heeft me ook af en toe het nodige zetje gegeven om weer een stap verder te gaan. Dit heb ik als heel prettig en ondersteunend in het proces ervaren. Nu, drie jaar later, ben ik nog steeds ontzettend blij over het resultaat. Ik krijg regelmatig complimenten over mijn site en, wat het belangrijkste is, geven mijn cli\u00ebnten aan dat de website en mijn folder precies weerspiegelen wie ik ben en wat ik aanbied.&#8221;<br \/>\n<em>Johanna Korff &#8211; Seiyodo<\/em>[\/vc_column_text][\/vc_column][vc_column width=&#8221;1\/3&#8243;][vc_column_text]&#8221;Ik heb Frederiek ervaren als iemand die het verhaal achter de gesproken woorden weet te pakken en te vertalen naar een visueel beeld. Dat bracht uiteindelijke een prachtige site. Een site waarover veel mensen die mij goed kennen aangaven mij daarin terug te herkennen. En dan is de missie natuurlijk geslaagd. Daarnaast heb je veel geduld en kon ik het tempo bepalen in dit proces wat mij heeft geholpen in mijn proces van creatie. Dus mijn dankbaarheid is groot, en nog steeds omdat ik nog steeds (zo nu en dan) met vragen bij je terecht kan!&#8221;<br \/>\n<em>Monique van Kemenade &#8211; Rebalancing &amp; Coaching<\/em>[\/vc_column_text][\/vc_column][\/vc_row]<\/p>\n","protected":false},"excerpt":{"rendered":"<p>[vc_row][vc_column width=&#8221;7\/12&#8243; reveal_effect=&#8221;fadeInLab&#8221; reveal_duration=&#8221;1.5&#8243; reveal_delay=&#8221;0.5&#8243;][lab_scroll_box scroll_height=&#8221;1200&#8243; css=&#8221;.vc_custom_1757746637674{padding-top: 30px !important;padding-right: 15px !important;padding-bottom: 45px !important;padding-left: 45px !important;background-color: #eeeeee !important;}&#8221;] Frederiek Hamers\u00a0\u00a0 Ontwerper &nbsp; Frederiek is in 2000 afgestudeerd aan de Design Academy in Eindhoven. Sindsdien werkt ze na wat ervaring bij ontwerpburo&#8217;s, als zelfstandig ontwerper voor klanten in verschillende landen. 9 Jaar daarvan in en vanuit Nieuw&hellip;<\/p>\n","protected":false},"author":1,"featured_media":0,"parent":0,"menu_order":0,"comment_status":"open","ping_status":"closed","template":"","meta":[],"_links":{"self":[{"href":"https:\/\/www.studiohamers.nl\/index.php?rest_route=\/wp\/v2\/pages\/2167"}],"collection":[{"href":"https:\/\/www.studiohamers.nl\/index.php?rest_route=\/wp\/v2\/pages"}],"about":[{"href":"https:\/\/www.studiohamers.nl\/index.php?rest_route=\/wp\/v2\/types\/page"}],"author":[{"embeddable":true,"href":"https:\/\/www.studiohamers.nl\/index.php?rest_route=\/wp\/v2\/users\/1"}],"replies":[{"embeddable":true,"href":"https:\/\/www.studiohamers.nl\/index.php?rest_route=%2Fwp%2Fv2%2Fcomments&post=2167"}],"version-history":[{"count":100,"href":"https:\/\/www.studiohamers.nl\/index.php?rest_route=\/wp\/v2\/pages\/2167\/revisions"}],"predecessor-version":[{"id":5021,"href":"https:\/\/www.studiohamers.nl\/index.php?rest_route=\/wp\/v2\/pages\/2167\/revisions\/5021"}],"wp:attachment":[{"href":"https:\/\/www.studiohamers.nl\/index.php?rest_route=%2Fwp%2Fv2%2Fmedia&parent=2167"}],"curies":[{"name":"wp","href":"https:\/\/api.w.org\/{rel}","templated":true}]}}