{"id":4822,"date":"2020-09-10T15:23:29","date_gmt":"2020-09-10T14:23:29","guid":{"rendered":"https:\/\/www.studiohamers.nl\/?page_id=4822"},"modified":"2026-03-17T11:12:38","modified_gmt":"2026-03-17T10:12:38","slug":"the-websisters","status":"publish","type":"page","link":"https:\/\/www.studiohamers.nl\/?page_id=4822","title":{"rendered":"Websisters"},"content":{"rendered":"<p>[vc_row][vc_column width=&#8221;7\/12&#8243; reveal_effect=&#8221;fadeInLab&#8221; reveal_duration=&#8221;1.5&#8243; reveal_delay=&#8221;0.5&#8243; css=&#8221;.vc_custom_1599761129266{margin-bottom: 40px !important;}&#8221;][lab_scroll_box scroll_height=&#8221;1200&#8243; css=&#8221;.vc_custom_1641979504928{padding-top: 30px !important;padding-right: 15px !important;padding-bottom: 45px !important;padding-left: 45px !important;background-color: #eeeeee !important;}&#8221;]<\/p>\n<h3>Websisters<\/h3>\n<p><strong>Grafisch ontwerp en webdesign: Frederiek Hamers \/\u00a0 Fotografie: Anne Hamers.<\/strong><\/p>\n<p style=\"text-align: left;\">Wil je een mooie website die tot in de puntjes klopt? Frederiek en Anne zijn niet alleen zussen, ze werken ook samen. Anne weet de essentie van je bedrijf te vangen met prachtige fotografie. Frederiek gebruikt deze fotografie vervolgens om de website te ontwerpen die volledig aansluit bij je bedrijf en doelgroep. Websites van de websisters:<\/p>\n<ul>\n<li><strong><a href=\"https:\/\/www.begrace.nl\/\" target=\"_blank\" rel=\"noopener\">Begrace<\/a><\/strong><\/li>\n<li><strong>Veerkracht<\/strong><\/li>\n<li><strong>Voor altijd Mezelf<\/strong><\/li>\n<li><strong>In-touch Rebalancing<\/strong><\/li>\n<li><strong>Acupunctuur Engelaar<\/strong><\/li>\n<li><strong><a href=\"https:\/\/www.eigenkleurcoaching.nl\/\" target=\"_blank\" rel=\"noopener\">Eigen Kleur<\/a><\/strong><\/li>\n<li><strong><a href=\"https:\/\/www.flowenbalans.nl\/\" target=\"_blank\" rel=\"noopener noreferrer\">Flow &amp; Balans<\/a><\/strong><\/li>\n<\/ul>\n<p>&#8230;&#8230;&#8230;&#8230;&#8230;&#8230;&#8230;&#8230;&#8230;&#8230;&#8230;&#8230;&#8230;&#8230;&#8230;&#8230;&#8230;&#8230;&#8230;&#8230;&#8230;&#8230;&#8230;&#8230;&#8230;&#8230;&#8230;&#8230;&#8230;&#8230;&#8230;&#8230;&#8230;&#8230;&#8230;&#8230;&#8230;&#8230;&#8230;&#8230;&#8230;&#8230;&#8230;&#8230;&#8230;&#8230;&#8230;&#8230;<\/p>\n<p><strong>Opdrachtgevers over Frederiek:<\/strong><\/p>\n<p>&#8220;Frederiek heeft een bijzondere gave om professionaliteit, creativiteit en het vermogen om zich in haar cli\u00ebnten in te voelen te combineren.<br \/>\n<em>Johanna Korff &#8211; Seiyodo<\/em><\/p>\n<p>De site is m\u00e9\u00e9r dan ik had kunnen hopen, zo prachtig en v\u00f3\u00f3ral past de site qua uitstraling bij mij.&#8221;<br \/>\n<em>Carin Seurters &#8211; Touch &amp; Flow<\/em><\/p>\n<p><strong>Opdrachtgevers over Anne:<\/strong><\/p>\n<p>\u201cAnne maakt foto&#8217;s die allemaal zo mooi zijn, dat je eigenlijk niet meer kan kiezen. Keer op keer weet ze ons te verbazen met haar sprankelende en technisch perfecte foto\u2019s. De samenwerking is prettig, en beelden levert ze snel aan.\u201d<br \/>\n<em>Leatitia Baars, Hoofdredacteur tijdschrift UIT!<\/em><\/p>\n<p>Bekijk werk van <a href=\"https:\/\/www.annehamers.nl\/\" target=\"_blank\" rel=\"noopener noreferrer\">Anne Hamers Fotografie<\/a>.[\/lab_scroll_box][lab_button title=&#8221;Vraag een vrijblijvende offerte aan&#8221; type=&#8221;standard&#8221; link=&#8221;url:https%3A%2F%2Fwww.studiohamers.nl%2F%3Fpage_id%3D2310|title:Contact||&#8221; css=&#8221;.vc_custom_1599761232947{margin-top: 0px !important;margin-bottom: 0px !important;margin-left: 200px !important;border-bottom-width: 0px !important;border-radius: 5px !important;}&#8221;][\/vc_column][vc_column width=&#8221;5\/12&#8243; reveal_effect=&#8221;fadeIn&#8221; reveal_duration=&#8221;1.5&#8243; reveal_delay=&#8221;0.4&#8243;][vc_single_image image=&#8221;4721&#8243; img_size=&#8221;large&#8221; onclick=&#8221;img_link_large&#8221; css_animation=&#8221;left-to-right&#8221;][vc_column_text css=&#8221;.vc_custom_1599761374453{margin-top: -10px !important;}&#8221;]<\/p>\n<p style=\"text-align: center;\">Anne en Frederiek<\/p>\n<p>[\/vc_column_text][\/vc_column][\/vc_row]<\/p>\n","protected":false},"excerpt":{"rendered":"<p>[vc_row][vc_column width=&#8221;7\/12&#8243; reveal_effect=&#8221;fadeInLab&#8221; reveal_duration=&#8221;1.5&#8243; reveal_delay=&#8221;0.5&#8243; css=&#8221;.vc_custom_1599761129266{margin-bottom: 40px !important;}&#8221;][lab_scroll_box scroll_height=&#8221;1200&#8243; css=&#8221;.vc_custom_1641979504928{padding-top: 30px !important;padding-right: 15px !important;padding-bottom: 45px !important;padding-left: 45px !important;background-color: #eeeeee !important;}&#8221;] Websisters Grafisch ontwerp en webdesign: Frederiek Hamers \/\u00a0 Fotografie: Anne Hamers. Wil je een mooie website die tot in de puntjes klopt? Frederiek en Anne zijn niet alleen zussen, ze werken ook samen. Anne weet&hellip;<\/p>\n","protected":false},"author":1,"featured_media":0,"parent":0,"menu_order":0,"comment_status":"closed","ping_status":"closed","template":"","meta":[],"_links":{"self":[{"href":"https:\/\/www.studiohamers.nl\/index.php?rest_route=\/wp\/v2\/pages\/4822"}],"collection":[{"href":"https:\/\/www.studiohamers.nl\/index.php?rest_route=\/wp\/v2\/pages"}],"about":[{"href":"https:\/\/www.studiohamers.nl\/index.php?rest_route=\/wp\/v2\/types\/page"}],"author":[{"embeddable":true,"href":"https:\/\/www.studiohamers.nl\/index.php?rest_route=\/wp\/v2\/users\/1"}],"replies":[{"embeddable":true,"href":"https:\/\/www.studiohamers.nl\/index.php?rest_route=%2Fwp%2Fv2%2Fcomments&post=4822"}],"version-history":[{"count":34,"href":"https:\/\/www.studiohamers.nl\/index.php?rest_route=\/wp\/v2\/pages\/4822\/revisions"}],"predecessor-version":[{"id":5036,"href":"https:\/\/www.studiohamers.nl\/index.php?rest_route=\/wp\/v2\/pages\/4822\/revisions\/5036"}],"wp:attachment":[{"href":"https:\/\/www.studiohamers.nl\/index.php?rest_route=%2Fwp%2Fv2%2Fmedia&parent=4822"}],"curies":[{"name":"wp","href":"https:\/\/api.w.org\/{rel}","templated":true}]}}